{"id":81,"date":"2024-11-27T13:52:11","date_gmt":"2024-11-27T13:52:11","guid":{"rendered":"https:\/\/mrcourier.al\/?page_id=81"},"modified":"2024-12-02T11:16:31","modified_gmt":"2024-12-02T11:16:31","slug":"gjurmo-dergesen","status":"publish","type":"page","link":"https:\/\/mrcourier.al\/en\/gjurmo-dergesen\/","title":{"rendered":"Track your order"},"content":{"rendered":"<div data-elementor-type=\"wp-page\" data-elementor-id=\"81\" class=\"elementor elementor-81\" data-elementor-post-type=\"page\">\n\t\t\t\t\t\t<section class=\"elementor-section elementor-top-section elementor-element elementor-element-17306e25 elementor-section-boxed elementor-section-height-default elementor-section-height-default\" data-id=\"17306e25\" data-element_type=\"section\">\n\t\t\t\t\t\t<div class=\"elementor-container elementor-column-gap-default\">\n\t\t\t\t\t<div class=\"elementor-column elementor-col-50 elementor-top-column elementor-element elementor-element-479c252d\" data-id=\"479c252d\" data-element_type=\"column\">\n\t\t\t<div class=\"elementor-widget-wrap elementor-element-populated\">\n\t\t\t\t\t\t<div class=\"elementor-element elementor-element-22d410a elementor-widget elementor-widget-heading\" data-id=\"22d410a\" data-element_type=\"widget\" data-widget_type=\"heading.default\">\n\t\t\t\t<div class=\"elementor-widget-container\">\n\t\t\t<h1 class=\"elementor-heading-title elementor-size-default\">Track order<\/h1>\t\t<\/div>\n\t\t\t\t<\/div>\n\t\t\t\t\t<\/div>\n\t\t<\/div>\n\t\t\t\t<div class=\"elementor-column elementor-col-50 elementor-top-column elementor-element elementor-element-77dbf3bd\" data-id=\"77dbf3bd\" data-element_type=\"column\">\n\t\t\t<div class=\"elementor-widget-wrap\">\n\t\t\t\t\t\t\t<\/div>\n\t\t<\/div>\n\t\t\t\t\t<\/div>\n\t\t<\/section>\n\t\t\t\t<section class=\"elementor-section elementor-top-section elementor-element elementor-element-44b518e7 elementor-section-boxed elementor-section-height-default elementor-section-height-default\" data-id=\"44b518e7\" data-element_type=\"section\" data-settings=\"{&quot;background_background&quot;:&quot;classic&quot;}\">\n\t\t\t\t\t\t<div class=\"elementor-container elementor-column-gap-default\">\n\t\t\t\t\t<div class=\"elementor-column elementor-col-100 elementor-top-column elementor-element elementor-element-1891c359\" data-id=\"1891c359\" data-element_type=\"column\">\n\t\t\t<div class=\"elementor-widget-wrap elementor-element-populated\">\n\t\t\t\t\t\t<div class=\"elementor-element elementor-element-3daf80b2 elementor-widget elementor-widget-heading\" data-id=\"3daf80b2\" data-element_type=\"widget\" data-widget_type=\"heading.default\">\n\t\t\t\t<div class=\"elementor-widget-container\">\n\t\t\t<h4 class=\"elementor-heading-title elementor-size-default\">Track the delivery of your order<\/h4>\t\t<\/div>\n\t\t\t\t<\/div>\n\t\t\t\t<div class=\"elementor-element elementor-element-41a455b3 elementor-widget elementor-widget-html\" data-id=\"41a455b3\" data-element_type=\"widget\" data-widget_type=\"html.default\">\n\t\t\t\t<div class=\"elementor-widget-container\">\n\t\t\t    <title>Tracking<\/title>\r\n    <script src=\"https:\/\/ajax.googleapis.com\/ajax\/libs\/jquery\/3.6.0\/jquery.min.js\"><\/script>\r\n    <link rel=\"stylesheet\" href=\"https:\/\/stackpath.bootstrapcdn.com\/bootstrap\/4.3.1\/css\/bootstrap.min.css\" integrity=\"sha384-ggOyR0iXCbMQv3Xipma34MD+dH\/1fQ784\/j6cY\/iJTQUOhcWr7x9JvoRxT2MZw1T\" crossorigin=\"anonymous\">\r\n    <link rel=\"stylesheet\" href=\"https:\/\/pro.fontawesome.com\/releases\/v5.10.0\/css\/all.css\" integrity=\"sha384-AYmEC3Yw5cVb3ZcuHtOA93w35dYTsvhLPVnYs9eStHfGJvOvKxVfELGroGkvsg+p\" crossorigin=\"anonymous\"\/>\r\n    \r\n<div class=\"container\" style=\"font-size:12px\" >\r\n       \r\n                <div class=\"input-group\" id=\"adv-search\">\r\n                    <input type=\"text\" class=\"form-control\" placeholder=\"Shipment number\" id=\"orderNumber\" \/>\r\n                    <div class=\"input-group-btn\">\r\n                        <div class=\"btn-group\" role=\"group\">\r\n                            <button type=\"button\" style=\"height: 50px; background-color:#005C92\" class=\"btn btn-primary\" onclick=\"getDetails()\">\r\n                                <span class=\"fa fa-search\" aria-hidden=\"true\"><\/span>\r\n                            <\/button>\r\n                        <\/div>\r\n                    <\/div>\r\n                <\/div>\r\n                    <table class=\"table\" id = \"table\" style=\"display: none;background-color: white; opacity:0.8; color: #000000;font-family: 'Roboto Condensed', Sans-serif;font-size: 18.2px;font-weight: 510;line-height: 26px;\">\r\n                        <thead>\r\n                            <th scope=\"col\" style=\"width: 45%\">Data<\/th>\r\n                            <th scope=\"col\">Statusi<\/th>\r\n                        <\/thead>\r\n                        <tbody id=\"results\"><\/tbody>\r\n                    <\/table>\r\n                    <div class=\"alert alert-warning\" role=\"alert\" style=\"display:none\" id=\"error\"><\/div>\r\n          \r\n    <\/div>\r\n                    \r\n            \r\n<script>\r\n    \/\/ var authServerUrl = \"http:\/\/192.168.1.40\/\";\r\n    var authServerUrl = \"https:\/\/backoffice.mrcourier.al\/\";\r\n\r\n    function getDetails(){\r\n\r\n        var orderNumber = $(\"#orderNumber\").val();\r\n\r\n        var request = {\r\n            data: {\r\n                Method: \"GetTracking\",\r\n                Params: {\r\n                    Code: orderNumber \/\/ \"MR022832\"\r\n                }\r\n            }\r\n        };\r\n        var data = \"element=\" + JSON.stringify(request);\r\n\r\n        var settings = {\r\n            url: authServerUrl+ \"\/webservice.php?operation=GetTracking\",\r\n            method: \"POST\",\r\n            headers: {\r\n                \"Content-Type\": \"application\/x-www-form-urlencoded\"\r\n            },\r\n            data: data\r\n        };\r\n\r\n        $.ajax(settings).done(function (response) {\r\n\r\n            if(!response.success){\r\n                $(\"#results\").html(\"\");\r\n                $(\"#table\").css(\"display\",\"none\");\r\n                $(\"#error\").css(\"display\",\"block\");\r\n                $(\"#error\").html(response.error.message);\r\n                return;\r\n            }\r\n            $(\"#error\").css(\"display\",\"none\");\r\n            $(\"#table\").css(\"display\",\"block\");\r\n            var details = response.result.Details;\r\n            var html = \"\";\r\n            for(let i = 0; i < details.length; i++){\r\n                html = html + \"<tr>\";\r\n                html = html + \"<td>\" + details[i].date + \"<\/td>\";\r\n                html = html + \"<td>\" + details[i].message + \"<\/td>\";\r\n                html = html + \"<\/tr>\";\r\n            }\r\n            $(\"#results\").html(html);\r\n        });\r\n    }\r\n<\/script>\r\n<\/>\t\t<\/div>\n\t\t\t\t<\/div>\n\t\t\t\t\t<\/div>\n\t\t<\/div>\n\t\t\t\t\t<\/div>\n\t\t<\/section>\n\t\t\t\t<\/div>","protected":false},"excerpt":{"rendered":"<p>Gjurmo D\u00ebrges\u00ebn Gjurmoni d\u00ebrges\u00ebn e porosis\u00eb tuaj Tracking Data Statusi<\/p>","protected":false},"author":1,"featured_media":0,"parent":0,"menu_order":0,"comment_status":"closed","ping_status":"closed","template":"","meta":{"footnotes":""},"class_list":["post-81","page","type-page","status-publish","hentry"],"yoast_head":"<!-- This site is optimized with the Yoast SEO plugin v23.9 - https:\/\/yoast.com\/wordpress\/plugins\/seo\/ -->\n<title>Gjurmo d\u00ebrges\u00ebn - Posta Mr.Courier<\/title>\n<meta name=\"robots\" content=\"index, follow, max-snippet:-1, max-image-preview:large, max-video-preview:-1\" \/>\n<link rel=\"canonical\" href=\"https:\/\/mrcourier.al\/en\/gjurmo-dergesen\/\" \/>\n<meta property=\"og:locale\" content=\"en_US\" \/>\n<meta property=\"og:type\" content=\"article\" \/>\n<meta property=\"og:title\" content=\"Gjurmo d\u00ebrges\u00ebn - Posta Mr.Courier\" \/>\n<meta property=\"og:description\" content=\"Gjurmo D\u00ebrges\u00ebn Gjurmoni d\u00ebrges\u00ebn e porosis\u00eb tuaj Tracking Data Statusi\" \/>\n<meta property=\"og:url\" content=\"https:\/\/mrcourier.al\/en\/gjurmo-dergesen\/\" \/>\n<meta property=\"og:site_name\" content=\"Posta Mr.Courier\" \/>\n<meta property=\"article:publisher\" content=\"https:\/\/www.facebook.com\/Mrcourier.al\/\" \/>\n<meta property=\"article:modified_time\" content=\"2024-12-02T11:16:31+00:00\" \/>\n<meta name=\"twitter:card\" content=\"summary_large_image\" \/>\n<meta name=\"twitter:label1\" content=\"Est. reading time\" \/>\n\t<meta name=\"twitter:data1\" content=\"1 minute\" \/>\n<script type=\"application\/ld+json\" class=\"yoast-schema-graph\">{\"@context\":\"https:\/\/schema.org\",\"@graph\":[{\"@type\":\"WebPage\",\"@id\":\"https:\/\/mrcourier.al\/gjurmo-dergesen\/\",\"url\":\"https:\/\/mrcourier.al\/gjurmo-dergesen\/\",\"name\":\"Gjurmo d\u00ebrges\u00ebn - Posta Mr.Courier\",\"isPartOf\":{\"@id\":\"https:\/\/mrcourier.al\/#website\"},\"datePublished\":\"2024-11-27T13:52:11+00:00\",\"dateModified\":\"2024-12-02T11:16:31+00:00\",\"breadcrumb\":{\"@id\":\"https:\/\/mrcourier.al\/gjurmo-dergesen\/#breadcrumb\"},\"inLanguage\":\"en-US\",\"potentialAction\":[{\"@type\":\"ReadAction\",\"target\":[\"https:\/\/mrcourier.al\/gjurmo-dergesen\/\"]}]},{\"@type\":\"BreadcrumbList\",\"@id\":\"https:\/\/mrcourier.al\/gjurmo-dergesen\/#breadcrumb\",\"itemListElement\":[{\"@type\":\"ListItem\",\"position\":1,\"name\":\"Home\",\"item\":\"https:\/\/mrcourier.al\/\"},{\"@type\":\"ListItem\",\"position\":2,\"name\":\"Gjurmo d\u00ebrges\u00ebn\"}]},{\"@type\":\"WebSite\",\"@id\":\"https:\/\/mrcourier.al\/#website\",\"url\":\"https:\/\/mrcourier.al\/\",\"name\":\"Mr Courier\",\"description\":\"You Call, We Drive\",\"publisher\":{\"@id\":\"https:\/\/mrcourier.al\/#organization\"},\"potentialAction\":[{\"@type\":\"SearchAction\",\"target\":{\"@type\":\"EntryPoint\",\"urlTemplate\":\"https:\/\/mrcourier.al\/?s={search_term_string}\"},\"query-input\":{\"@type\":\"PropertyValueSpecification\",\"valueRequired\":true,\"valueName\":\"search_term_string\"}}],\"inLanguage\":\"en-US\"},{\"@type\":\"Organization\",\"@id\":\"https:\/\/mrcourier.al\/#organization\",\"name\":\"Mr Courier\",\"url\":\"https:\/\/mrcourier.al\/\",\"logo\":{\"@type\":\"ImageObject\",\"inLanguage\":\"en-US\",\"@id\":\"https:\/\/mrcourier.al\/#\/schema\/logo\/image\/\",\"url\":\"https:\/\/mrcourier.al\/wp-content\/uploads\/2024\/12\/MRCourier1.webp\",\"contentUrl\":\"https:\/\/mrcourier.al\/wp-content\/uploads\/2024\/12\/MRCourier1.webp\",\"width\":1080,\"height\":340,\"caption\":\"Mr Courier\"},\"image\":{\"@id\":\"https:\/\/mrcourier.al\/#\/schema\/logo\/image\/\"},\"sameAs\":[\"https:\/\/www.facebook.com\/Mrcourier.al\/\",\"https:\/\/www.instagram.com\/mrcourier.al\/\",\"https:\/\/al.linkedin.com\/in\/mr-courier-albania-999b47229\"]}]}<\/script>\n<!-- \/ Yoast SEO plugin. -->","yoast_head_json":{"title":"Gjurmo d\u00ebrges\u00ebn - Posta Mr.Courier","robots":{"index":"index","follow":"follow","max-snippet":"max-snippet:-1","max-image-preview":"max-image-preview:large","max-video-preview":"max-video-preview:-1"},"canonical":"https:\/\/mrcourier.al\/en\/gjurmo-dergesen\/","og_locale":"en_US","og_type":"article","og_title":"Gjurmo d\u00ebrges\u00ebn - Posta Mr.Courier","og_description":"Gjurmo D\u00ebrges\u00ebn Gjurmoni d\u00ebrges\u00ebn e porosis\u00eb tuaj Tracking Data Statusi","og_url":"https:\/\/mrcourier.al\/en\/gjurmo-dergesen\/","og_site_name":"Posta Mr.Courier","article_publisher":"https:\/\/www.facebook.com\/Mrcourier.al\/","article_modified_time":"2024-12-02T11:16:31+00:00","twitter_card":"summary_large_image","twitter_misc":{"Est. reading time":"1 minute"},"schema":{"@context":"https:\/\/schema.org","@graph":[{"@type":"WebPage","@id":"https:\/\/mrcourier.al\/gjurmo-dergesen\/","url":"https:\/\/mrcourier.al\/gjurmo-dergesen\/","name":"Gjurmo d\u00ebrges\u00ebn - Posta Mr.Courier","isPartOf":{"@id":"https:\/\/mrcourier.al\/#website"},"datePublished":"2024-11-27T13:52:11+00:00","dateModified":"2024-12-02T11:16:31+00:00","breadcrumb":{"@id":"https:\/\/mrcourier.al\/gjurmo-dergesen\/#breadcrumb"},"inLanguage":"en-US","potentialAction":[{"@type":"ReadAction","target":["https:\/\/mrcourier.al\/gjurmo-dergesen\/"]}]},{"@type":"BreadcrumbList","@id":"https:\/\/mrcourier.al\/gjurmo-dergesen\/#breadcrumb","itemListElement":[{"@type":"ListItem","position":1,"name":"Home","item":"https:\/\/mrcourier.al\/"},{"@type":"ListItem","position":2,"name":"Gjurmo d\u00ebrges\u00ebn"}]},{"@type":"WebSite","@id":"https:\/\/mrcourier.al\/#website","url":"https:\/\/mrcourier.al\/","name":"Mr Courier","description":"You Call, We Drive","publisher":{"@id":"https:\/\/mrcourier.al\/#organization"},"potentialAction":[{"@type":"SearchAction","target":{"@type":"EntryPoint","urlTemplate":"https:\/\/mrcourier.al\/?s={search_term_string}"},"query-input":{"@type":"PropertyValueSpecification","valueRequired":true,"valueName":"search_term_string"}}],"inLanguage":"en-US"},{"@type":"Organization","@id":"https:\/\/mrcourier.al\/#organization","name":"Mr Courier","url":"https:\/\/mrcourier.al\/","logo":{"@type":"ImageObject","inLanguage":"en-US","@id":"https:\/\/mrcourier.al\/#\/schema\/logo\/image\/","url":"https:\/\/mrcourier.al\/wp-content\/uploads\/2024\/12\/MRCourier1.webp","contentUrl":"https:\/\/mrcourier.al\/wp-content\/uploads\/2024\/12\/MRCourier1.webp","width":1080,"height":340,"caption":"Mr Courier"},"image":{"@id":"https:\/\/mrcourier.al\/#\/schema\/logo\/image\/"},"sameAs":["https:\/\/www.facebook.com\/Mrcourier.al\/","https:\/\/www.instagram.com\/mrcourier.al\/","https:\/\/al.linkedin.com\/in\/mr-courier-albania-999b47229"]}]}},"_links":{"self":[{"href":"https:\/\/mrcourier.al\/en\/wp-json\/wp\/v2\/pages\/81","targetHints":{"allow":["GET"]}}],"collection":[{"href":"https:\/\/mrcourier.al\/en\/wp-json\/wp\/v2\/pages"}],"about":[{"href":"https:\/\/mrcourier.al\/en\/wp-json\/wp\/v2\/types\/page"}],"author":[{"embeddable":true,"href":"https:\/\/mrcourier.al\/en\/wp-json\/wp\/v2\/users\/1"}],"replies":[{"embeddable":true,"href":"https:\/\/mrcourier.al\/en\/wp-json\/wp\/v2\/comments?post=81"}],"version-history":[{"count":7,"href":"https:\/\/mrcourier.al\/en\/wp-json\/wp\/v2\/pages\/81\/revisions"}],"predecessor-version":[{"id":2250,"href":"https:\/\/mrcourier.al\/en\/wp-json\/wp\/v2\/pages\/81\/revisions\/2250"}],"wp:attachment":[{"href":"https:\/\/mrcourier.al\/en\/wp-json\/wp\/v2\/media?parent=81"}],"curies":[{"name":"wp","href":"https:\/\/api.w.org\/{rel}","templated":true}]}}